{"id":198,"date":"2020-06-18T11:31:39","date_gmt":"2020-06-18T15:31:39","guid":{"rendered":"https:\/\/colegiometropolitano.online\/staging\/5007\/?page_id=198"},"modified":"2025-03-10T13:18:36","modified_gmt":"2025-03-10T17:18:36","slug":"comunicaciones","status":"publish","type":"page","link":"https:\/\/colegiometropolitano.online\/staging\/5007\/comunicaciones\/","title":{"rendered":"Comunicaciones"},"content":{"rendered":"\n<figure class=\"wp-block-image aligncenter size-large\"><img data-recalc-dims=\"1\" fetchpriority=\"high\" decoding=\"async\" width=\"318\" height=\"292\" src=\"https:\/\/i0.wp.com\/colegiometropolitano.online\/staging\/5007\/wp-content\/uploads\/2020\/06\/logo3d.gif?resize=318%2C292&#038;ssl=1\" alt=\"\" class=\"wp-image-15\"\/><\/figure>\n\n\n\n<figure class=\"wp-block-gallery alignwide has-nested-images columns-default is-cropped wp-block-gallery-1 is-layout-flex wp-block-gallery-is-layout-flex\">\n<figure class=\"wp-block-image size-large\"><img data-recalc-dims=\"1\" decoding=\"async\" width=\"1024\" height=\"1024\" data-id=\"652\" src=\"https:\/\/i0.wp.com\/colegiometropolitano.online\/staging\/5007\/wp-content\/uploads\/2021\/10\/Primaria-Entrega-de-Gui%CC%81as-4to.-a-6to.-grado.jpg?resize=1024%2C1024&#038;ssl=1\" alt=\"\" class=\"wp-image-652\" srcset=\"https:\/\/i0.wp.com\/colegiometropolitano.online\/staging\/5007\/wp-content\/uploads\/2021\/10\/Primaria-Entrega-de-Gui%CC%81as-4to.-a-6to.-grado.jpg?resize=1024%2C1024&amp;ssl=1 1024w, https:\/\/i0.wp.com\/colegiometropolitano.online\/staging\/5007\/wp-content\/uploads\/2021\/10\/Primaria-Entrega-de-Gui%CC%81as-4to.-a-6to.-grado.jpg?resize=300%2C300&amp;ssl=1 300w, https:\/\/i0.wp.com\/colegiometropolitano.online\/staging\/5007\/wp-content\/uploads\/2021\/10\/Primaria-Entrega-de-Gui%CC%81as-4to.-a-6to.-grado.jpg?resize=150%2C150&amp;ssl=1 150w, https:\/\/i0.wp.com\/colegiometropolitano.online\/staging\/5007\/wp-content\/uploads\/2021\/10\/Primaria-Entrega-de-Gui%CC%81as-4to.-a-6to.-grado.jpg?resize=768%2C768&amp;ssl=1 768w, https:\/\/i0.wp.com\/colegiometropolitano.online\/staging\/5007\/wp-content\/uploads\/2021\/10\/Primaria-Entrega-de-Gui%CC%81as-4to.-a-6to.-grado.jpg?w=1080&amp;ssl=1 1080w\" sizes=\"(max-width: 1000px) 100vw, 1000px\" \/><\/figure>\n\n\n\n<figure class=\"wp-block-image size-large\"><img data-recalc-dims=\"1\" decoding=\"async\" width=\"1024\" height=\"1024\" data-id=\"651\" src=\"https:\/\/i0.wp.com\/colegiometropolitano.online\/staging\/5007\/wp-content\/uploads\/2021\/10\/Primaria-Entrega-de-Gui%CC%81as-1ro-a-3er-grado.jpg?resize=1024%2C1024&#038;ssl=1\" alt=\"\" class=\"wp-image-651\" srcset=\"https:\/\/i0.wp.com\/colegiometropolitano.online\/staging\/5007\/wp-content\/uploads\/2021\/10\/Primaria-Entrega-de-Gui%CC%81as-1ro-a-3er-grado.jpg?resize=1024%2C1024&amp;ssl=1 1024w, https:\/\/i0.wp.com\/colegiometropolitano.online\/staging\/5007\/wp-content\/uploads\/2021\/10\/Primaria-Entrega-de-Gui%CC%81as-1ro-a-3er-grado.jpg?resize=300%2C300&amp;ssl=1 300w, https:\/\/i0.wp.com\/colegiometropolitano.online\/staging\/5007\/wp-content\/uploads\/2021\/10\/Primaria-Entrega-de-Gui%CC%81as-1ro-a-3er-grado.jpg?resize=150%2C150&amp;ssl=1 150w, https:\/\/i0.wp.com\/colegiometropolitano.online\/staging\/5007\/wp-content\/uploads\/2021\/10\/Primaria-Entrega-de-Gui%CC%81as-1ro-a-3er-grado.jpg?resize=768%2C768&amp;ssl=1 768w, https:\/\/i0.wp.com\/colegiometropolitano.online\/staging\/5007\/wp-content\/uploads\/2021\/10\/Primaria-Entrega-de-Gui%CC%81as-1ro-a-3er-grado.jpg?w=1080&amp;ssl=1 1080w\" sizes=\"(max-width: 1000px) 100vw, 1000px\" \/><\/figure>\n<\/figure>\n\n\n\n<figure class=\"wp-block-image aligncenter size-large\"><img data-recalc-dims=\"1\" loading=\"lazy\" decoding=\"async\" width=\"1024\" height=\"1003\" src=\"https:\/\/i0.wp.com\/colegiometropolitano.online\/staging\/5007\/wp-content\/uploads\/2021\/10\/Entrega-de-Gui%CC%81as-Bachillerato.jpg?resize=1024%2C1003&#038;ssl=1\" alt=\"\" class=\"wp-image-667\" srcset=\"https:\/\/i0.wp.com\/colegiometropolitano.online\/staging\/5007\/wp-content\/uploads\/2021\/10\/Entrega-de-Gui%CC%81as-Bachillerato.jpg?resize=1024%2C1003&amp;ssl=1 1024w, https:\/\/i0.wp.com\/colegiometropolitano.online\/staging\/5007\/wp-content\/uploads\/2021\/10\/Entrega-de-Gui%CC%81as-Bachillerato.jpg?resize=300%2C294&amp;ssl=1 300w, https:\/\/i0.wp.com\/colegiometropolitano.online\/staging\/5007\/wp-content\/uploads\/2021\/10\/Entrega-de-Gui%CC%81as-Bachillerato.jpg?resize=768%2C752&amp;ssl=1 768w, https:\/\/i0.wp.com\/colegiometropolitano.online\/staging\/5007\/wp-content\/uploads\/2021\/10\/Entrega-de-Gui%CC%81as-Bachillerato.jpg?w=1029&amp;ssl=1 1029w\" sizes=\"(max-width: 1000px) 100vw, 1000px\" \/><\/figure>\n\n\n\n<figure class=\"wp-block-image alignwide size-large\"><img data-recalc-dims=\"1\" loading=\"lazy\" decoding=\"async\" width=\"1024\" height=\"1024\" src=\"https:\/\/i0.wp.com\/colegiometropolitano.online\/staging\/5007\/wp-content\/uploads\/2021\/09\/IMG-20210922-WA0030.jpg?resize=1024%2C1024&#038;ssl=1\" alt=\"\" class=\"wp-image-556\" srcset=\"https:\/\/i0.wp.com\/colegiometropolitano.online\/staging\/5007\/wp-content\/uploads\/2021\/09\/IMG-20210922-WA0030.jpg?resize=1024%2C1024&amp;ssl=1 1024w, https:\/\/i0.wp.com\/colegiometropolitano.online\/staging\/5007\/wp-content\/uploads\/2021\/09\/IMG-20210922-WA0030.jpg?resize=300%2C300&amp;ssl=1 300w, https:\/\/i0.wp.com\/colegiometropolitano.online\/staging\/5007\/wp-content\/uploads\/2021\/09\/IMG-20210922-WA0030.jpg?resize=150%2C150&amp;ssl=1 150w, https:\/\/i0.wp.com\/colegiometropolitano.online\/staging\/5007\/wp-content\/uploads\/2021\/09\/IMG-20210922-WA0030.jpg?resize=768%2C768&amp;ssl=1 768w, https:\/\/i0.wp.com\/colegiometropolitano.online\/staging\/5007\/wp-content\/uploads\/2021\/09\/IMG-20210922-WA0030.jpg?w=1080&amp;ssl=1 1080w\" sizes=\"(max-width: 1000px) 100vw, 1000px\" \/><\/figure>\n\n\n\n<figure class=\"wp-block-image size-large\"><img data-recalc-dims=\"1\" loading=\"lazy\" decoding=\"async\" width=\"1024\" height=\"1024\" src=\"https:\/\/i0.wp.com\/colegiometropolitano.online\/staging\/5007\/wp-content\/uploads\/2021\/09\/Proceso-Inscripcion-2021.jpeg?resize=1024%2C1024&#038;ssl=1\" alt=\"\" class=\"wp-image-523\" srcset=\"https:\/\/i0.wp.com\/colegiometropolitano.online\/staging\/5007\/wp-content\/uploads\/2021\/09\/Proceso-Inscripcion-2021.jpeg?resize=1024%2C1024&amp;ssl=1 1024w, https:\/\/i0.wp.com\/colegiometropolitano.online\/staging\/5007\/wp-content\/uploads\/2021\/09\/Proceso-Inscripcion-2021.jpeg?resize=300%2C300&amp;ssl=1 300w, https:\/\/i0.wp.com\/colegiometropolitano.online\/staging\/5007\/wp-content\/uploads\/2021\/09\/Proceso-Inscripcion-2021.jpeg?resize=150%2C150&amp;ssl=1 150w, https:\/\/i0.wp.com\/colegiometropolitano.online\/staging\/5007\/wp-content\/uploads\/2021\/09\/Proceso-Inscripcion-2021.jpeg?resize=768%2C768&amp;ssl=1 768w, https:\/\/i0.wp.com\/colegiometropolitano.online\/staging\/5007\/wp-content\/uploads\/2021\/09\/Proceso-Inscripcion-2021.jpeg?w=1080&amp;ssl=1 1080w\" sizes=\"(max-width: 1000px) 100vw, 1000px\" \/><\/figure>\n\n\n\n<figure class=\"wp-block-image size-large\"><img data-recalc-dims=\"1\" loading=\"lazy\" decoding=\"async\" width=\"682\" height=\"1024\" src=\"https:\/\/i0.wp.com\/colegiometropolitano.online\/staging\/5007\/wp-content\/uploads\/2021\/09\/Inscrip-Alumnos-regulares.jpeg?resize=682%2C1024&#038;ssl=1\" alt=\"\" class=\"wp-image-524\" srcset=\"https:\/\/i0.wp.com\/colegiometropolitano.online\/staging\/5007\/wp-content\/uploads\/2021\/09\/Inscrip-Alumnos-regulares.jpeg?resize=682%2C1024&amp;ssl=1 682w, https:\/\/i0.wp.com\/colegiometropolitano.online\/staging\/5007\/wp-content\/uploads\/2021\/09\/Inscrip-Alumnos-regulares.jpeg?resize=200%2C300&amp;ssl=1 200w, https:\/\/i0.wp.com\/colegiometropolitano.online\/staging\/5007\/wp-content\/uploads\/2021\/09\/Inscrip-Alumnos-regulares.jpeg?resize=768%2C1152&amp;ssl=1 768w, https:\/\/i0.wp.com\/colegiometropolitano.online\/staging\/5007\/wp-content\/uploads\/2021\/09\/Inscrip-Alumnos-regulares.jpeg?w=853&amp;ssl=1 853w\" sizes=\"(max-width: 682px) 100vw, 682px\" \/><\/figure>\n\n\n\n<figure class=\"wp-block-image size-full\"><img data-recalc-dims=\"1\" loading=\"lazy\" decoding=\"async\" width=\"988\" height=\"988\" src=\"https:\/\/i0.wp.com\/colegiometropolitano.online\/staging\/5007\/wp-content\/uploads\/2021\/09\/Info-administrativa.jpeg?resize=988%2C988&#038;ssl=1\" alt=\"\" class=\"wp-image-525\" srcset=\"https:\/\/i0.wp.com\/colegiometropolitano.online\/staging\/5007\/wp-content\/uploads\/2021\/09\/Info-administrativa.jpeg?w=988&amp;ssl=1 988w, https:\/\/i0.wp.com\/colegiometropolitano.online\/staging\/5007\/wp-content\/uploads\/2021\/09\/Info-administrativa.jpeg?resize=300%2C300&amp;ssl=1 300w, https:\/\/i0.wp.com\/colegiometropolitano.online\/staging\/5007\/wp-content\/uploads\/2021\/09\/Info-administrativa.jpeg?resize=150%2C150&amp;ssl=1 150w, https:\/\/i0.wp.com\/colegiometropolitano.online\/staging\/5007\/wp-content\/uploads\/2021\/09\/Info-administrativa.jpeg?resize=768%2C768&amp;ssl=1 768w\" sizes=\"(max-width: 988px) 100vw, 988px\" \/><\/figure>\n\n\n\n<div class=\"wp-block-columns is-layout-flex wp-container-core-columns-is-layout-28f84493 wp-block-columns-is-layout-flex\">\n<div class=\"wp-block-column is-layout-flow wp-block-column-is-layout-flow\" style=\"flex-basis:100%\">\n<div class=\"wp-block-group is-layout-flow wp-block-group-is-layout-flow\">\n<div class=\"wp-block-group is-layout-flow wp-block-group-is-layout-flow\">\n<p class=\"has-text-align-center\"><strong>INSTRUCTIVO PARA LA INSCRIPCI\u00d3N VIRTUAL<\/strong><\/p>\n\n\n\n<p class=\"\"><strong>Inscripciones 2021 \u2013 2022 Alumnos Regulares<\/strong><\/p>\n\n\n\n<p class=\"\">PRIMER PASO:<\/p>\n\n\n\n<p class=\"\">Acceder al link, de acuerdo al nivel acad\u00e9mico que cursar\u00e1 su representado.<\/p>\n\n\n\n<p class=\"\">SEGUNDO PASO:<\/p>\n\n\n\n<p class=\"\">Completar todos los datos solicitados del estudiante y del representante:<\/p>\n\n\n\n<ul class=\"wp-block-list\">\n<li class=\"\">Correo del representante.<\/li>\n\n\n\n<li class=\"\">Nombre y apellido del estudiante, correo del estudiante (Gmail), nacionalidad, c\u00e9dula de identidad, fecha de nacimiento, lugar de nacimiento, sexo, edad, grado a cursar, entre otros.<\/li>\n\n\n\n<li class=\"\">Adjuntar foto del estudiante tipo carnet<\/li>\n\n\n\n<li class=\"\">Si padece o no de enfermedades \u2013 alergias. En caso positivo adjuntar informe m\u00e9dico.<\/li>\n\n\n\n<li class=\"\">Informaci\u00f3n relacionada con la salida del estudiante del colegio (en caso de clases presenciales), n\u00fameros de emergencia. <\/li>\n\n\n\n<li class=\"\">Datos del n\u00facleo familiar.<\/li>\n<\/ul>\n\n\n\n<p class=\"\">TERCER PASO:<\/p>\n\n\n\n<ul class=\"wp-block-list\">\n<li class=\"\">Datos del representante.<\/li>\n\n\n\n<li class=\"\">Estar de acuerdo con el Contrato Educativo 2021 \u2013 2022 suscrito entre la U.E Colegio Metropolitano y su persona.<\/li>\n<\/ul>\n\n\n\n<p class=\"\">CUARTO PASO:<\/p>\n\n\n\n<ul class=\"wp-block-list\">\n<li class=\"\">Indicar tipo de pago empleado: pago m\u00f3vil, Zelle, transferencia bancaria o efectivo ($).<\/li>\n<\/ul>\n\n\n\n<ul class=\"wp-block-list\">\n<li class=\"\">Adjuntar Comprobante de Pago por concepto de inscripci\u00f3n. (Cancelaci\u00f3n realizada en $ el comprobante es entregado en la Administraci\u00f3n del Colegio, en los otros casos capture del pago realizado).<\/li>\n<\/ul>\n\n\n\n<ul class=\"wp-block-list\">\n<li class=\"\">Al enviar el formulario, recibir\u00e1 autom\u00e1ticamente copia del mismo al correo indicado al inicio del formulario (Correo del representante).<\/li>\n<\/ul>\n\n\n\n<ul class=\"wp-block-list\">\n<li class=\"\">En un lapso de 72 horas recibir\u00e1 un correo en el cual se le indicar\u00e1 que ha sido formalizada su inscripci\u00f3n.<\/li>\n<\/ul>\n\n\n\n<p class=\"\">Nota: PARA CUALQUIER DUDA INFORMACION, O SITUACION AL MOMENTO DE INSCRIBIR DE FORMA VIRTUAL. CONTACTE VIA WHATSAPP A:<\/p>\n\n\n\n<p class=\"\">PROF. ANN KISSIS BERTHO 0424 9048805 <\/p>\n\n\n\n<p class=\"\">PROF. ANA MU\u00d1IZ 0426 8408096<\/p>\n<\/div>\n<\/div>\n<\/div>\n<\/div>\n\n\n\n<p class=\"has-text-align-center\" style=\"font-size:clamp(23.54px, 1.471rem + ((1vw - 3.2px) * 1.045), 39px);\"><strong>Links o Enlaces<\/strong> <\/p>\n\n\n\n<p class=\"has-large-font-size\"><strong><a rel=\"noreferrer noopener\" href=\"https:\/\/docs.google.com\/forms\/d\/e\/1FAIpQLSfL701Cn1ksqefzpVGYM128OpbVDZ5XUmyaSbtuhDh9vy4YGg\/viewform?pli=1\" data-type=\"URL\" data-id=\"https:\/\/docs.google.com\/forms\/d\/e\/1FAIpQLSfL701Cn1ksqefzpVGYM128OpbVDZ5XUmyaSbtuhDh9vy4YGg\/viewform?pli=1\" target=\"_blank\">Tercer A\u00f1o<\/a><\/strong><\/p>\n\n\n\n<p class=\"\"><\/p>\n\n\n\n<p class=\"has-large-font-size\"><strong><a href=\"https:\/\/docs.google.com\/forms\/d\/e\/1FAIpQLSeUP1ufBU65iyJT2Hxz0Nqinilm7m3Zwy5zC1qZU0taBuaI4A\/viewform?pli=1\" data-type=\"URL\" data-id=\"https:\/\/docs.google.com\/forms\/d\/e\/1FAIpQLSeUP1ufBU65iyJT2Hxz0Nqinilm7m3Zwy5zC1qZU0taBuaI4A\/viewform?pli=1\" target=\"_blank\" rel=\"noreferrer noopener\">Primaria<\/a><\/strong><\/p>\n\n\n\n<p class=\"has-text-align-center has-large-font-size\"><\/p>\n\n\n\n<p class=\"has-large-font-size\"><strong><a href=\"https:\/\/docs.google.com\/forms\/d\/e\/1FAIpQLSckc6LfkW7TJDcDeIirsuduzhtevUgiGDARxAnx3epSfjy29Q\/viewform?pli=1\" data-type=\"URL\" data-id=\"https:\/\/docs.google.com\/forms\/d\/e\/1FAIpQLSckc6LfkW7TJDcDeIirsuduzhtevUgiGDARxAnx3epSfjy29Q\/viewform?pli=1\" target=\"_blank\" rel=\"noreferrer noopener\">Preescolar<\/a><\/strong><\/p>\n\n\n\n<p class=\"\"><\/p>\n\n\n\n<p class=\"has-large-font-size\"><strong><a href=\"https:\/\/docs.google.com\/forms\/d\/e\/1FAIpQLScEsd7asgcmVxtJTQmifW7eE3EwgHRXcUgTzYlmUfIDvXt2WA\/viewform?pli=1\" data-type=\"URL\" data-id=\"https:\/\/docs.google.com\/forms\/d\/e\/1FAIpQLScEsd7asgcmVxtJTQmifW7eE3EwgHRXcUgTzYlmUfIDvXt2WA\/viewform?pli=1\" target=\"_blank\" rel=\"noreferrer noopener\">Secundaria &#8211; primero, segundo, cuarto y quinto a\u00f1o<\/a><\/strong><\/p>\n\n\n\n<p class=\"\"><\/p>\n\n\n\n<figure class=\"is-style-default wp-block-image alignwide size-large\"><img data-recalc-dims=\"1\" loading=\"lazy\" decoding=\"async\" width=\"508\" height=\"502\" src=\"https:\/\/i0.wp.com\/colegiometropolitano.online\/staging\/5007\/wp-content\/uploads\/2020\/11\/IMG-20201130-WA0008.jpg?resize=508%2C502&#038;ssl=1\" alt=\"\" class=\"wp-image-479\" srcset=\"https:\/\/i0.wp.com\/colegiometropolitano.online\/staging\/5007\/wp-content\/uploads\/2020\/11\/IMG-20201130-WA0008.jpg?w=508&amp;ssl=1 508w, https:\/\/i0.wp.com\/colegiometropolitano.online\/staging\/5007\/wp-content\/uploads\/2020\/11\/IMG-20201130-WA0008.jpg?resize=300%2C296&amp;ssl=1 300w\" sizes=\"(max-width: 508px) 100vw, 508px\" \/><\/figure>\n\n\n\n<div style=\"height:163px\" aria-hidden=\"true\" class=\"wp-block-spacer\"><\/div>\n\n\n\n<div class=\"wp-block-file aligncenter\"><a href=\"https:\/\/colegiometropolitano.online\/staging\/5007\/wp-content\/uploads\/2020\/11\/Preeschool-Basic-Vocabulary-ENGLISH-ESPAN\u0303OL.pdf\">Vocabulario B\u00e1sico de Preescolar INGLES-ESPA\u00d1OL<br><\/a><a href=\"https:\/\/colegiometropolitano.online\/staging\/5007\/wp-content\/uploads\/2020\/11\/Preeschool-Basic-Vocabulary-ENGLISH-ESPAN\u0303OL.pdf\" class=\"wp-block-file__button wp-element-button\" download>Descarga<\/a><\/div>\n\n\n\n<p class=\"\"><\/p>\n\n\n\n<p class=\"\"><\/p>\n\n\n\n<figure class=\"wp-block-video aligncenter\"><video height=\"480\" style=\"aspect-ratio: 480 \/ 480;\" width=\"480\" controls src=\"https:\/\/colegiometropolitano.online\/staging\/5007\/wp-content\/uploads\/2020\/08\/VID-20200729-WA0033.mp4\"><\/video><\/figure>\n\n\n\n<p class=\"\"><\/p>\n\n\n\n<p class=\"\"><\/p>\n\n\n\n<p class=\"\"><\/p>\n\n\n\n<p class=\"\"><\/p>\n\n\n\n<p class=\"\"><\/p>\n","protected":false},"excerpt":{"rendered":"<p>INSTRUCTIVO PARA LA INSCRIPCI\u00d3N VIRTUAL Inscripciones 2021 \u2013 2022 Alumnos Regulares PRIMER PASO: Acceder al link, de acuerdo al nivel acad\u00e9mico que cursar\u00e1 su representado. SEGUNDO PASO: Completar todos los datos solicitados del estudiante y del representante: TERCER PASO: CUARTO PASO: Nota: PARA CUALQUIER DUDA INFORMACION, O SITUACION AL MOMENTO DE INSCRIBIR DE FORMA VIRTUAL. [&hellip;]<\/p>\n","protected":false},"author":2,"featured_media":0,"parent":0,"menu_order":0,"comment_status":"closed","ping_status":"closed","template":"","meta":{"nf_dc_page":"","om_disable_all_campaigns":false,"footnotes":""},"class_list":["post-198","page","type-page","status-publish","hentry"],"yoast_head":"<!-- This site is optimized with the Yoast SEO plugin v27.5 - https:\/\/yoast.com\/product\/yoast-seo-wordpress\/ -->\n<title>Comunicaciones - Colegio Metropolitano Puerto Ordaz<\/title>\n<meta name=\"robots\" content=\"index, follow, max-snippet:-1, max-image-preview:large, max-video-preview:-1\" \/>\n<link rel=\"canonical\" href=\"https:\/\/colegiometropolitano.online\/staging\/5007\/comunicaciones\/\" \/>\n<meta property=\"og:locale\" content=\"es_ES\" \/>\n<meta property=\"og:type\" content=\"article\" \/>\n<meta property=\"og:title\" content=\"Comunicaciones - Colegio Metropolitano Puerto Ordaz\" \/>\n<meta property=\"og:description\" content=\"INSTRUCTIVO PARA LA INSCRIPCI\u00d3N VIRTUAL Inscripciones 2021 \u2013 2022 Alumnos Regulares PRIMER PASO: Acceder al link, de acuerdo al nivel acad\u00e9mico que cursar\u00e1 su representado. SEGUNDO PASO: Completar todos los datos solicitados del estudiante y del representante: TERCER PASO: CUARTO PASO: Nota: PARA CUALQUIER DUDA INFORMACION, O SITUACION AL MOMENTO DE INSCRIBIR DE FORMA VIRTUAL. [&hellip;]\" \/>\n<meta property=\"og:url\" content=\"https:\/\/colegiometropolitano.online\/staging\/5007\/comunicaciones\/\" \/>\n<meta property=\"og:site_name\" content=\"Colegio Metropolitano Puerto Ordaz\" \/>\n<meta property=\"article:modified_time\" content=\"2025-03-10T17:18:36+00:00\" \/>\n<meta property=\"og:image\" content=\"https:\/\/colegiometropolitano.online\/staging\/5007\/wp-content\/uploads\/2020\/06\/logo3d.gif\" \/>\n<meta name=\"twitter:card\" content=\"summary_large_image\" \/>\n<meta name=\"twitter:label1\" content=\"Tiempo estimado de lectura\" \/>\n\t<meta name=\"twitter:data1\" content=\"3 minutos\" \/>\n<script type=\"application\/ld+json\" class=\"yoast-schema-graph\">{\"@context\":\"https:\\\/\\\/schema.org\",\"@graph\":[{\"@type\":\"WebPage\",\"@id\":\"https:\\\/\\\/colegiometropolitano.online\\\/staging\\\/5007\\\/comunicaciones\\\/\",\"url\":\"https:\\\/\\\/colegiometropolitano.online\\\/staging\\\/5007\\\/comunicaciones\\\/\",\"name\":\"Comunicaciones - Colegio Metropolitano Puerto Ordaz\",\"isPartOf\":{\"@id\":\"https:\\\/\\\/colegiometropolitano.online\\\/staging\\\/5007\\\/#website\"},\"primaryImageOfPage\":{\"@id\":\"https:\\\/\\\/colegiometropolitano.online\\\/staging\\\/5007\\\/comunicaciones\\\/#primaryimage\"},\"image\":{\"@id\":\"https:\\\/\\\/colegiometropolitano.online\\\/staging\\\/5007\\\/comunicaciones\\\/#primaryimage\"},\"thumbnailUrl\":\"https:\\\/\\\/colegiometropolitano.online\\\/staging\\\/5007\\\/wp-content\\\/uploads\\\/2020\\\/06\\\/logo3d.gif\",\"datePublished\":\"2020-06-18T15:31:39+00:00\",\"dateModified\":\"2025-03-10T17:18:36+00:00\",\"breadcrumb\":{\"@id\":\"https:\\\/\\\/colegiometropolitano.online\\\/staging\\\/5007\\\/comunicaciones\\\/#breadcrumb\"},\"inLanguage\":\"es\",\"potentialAction\":[{\"@type\":\"ReadAction\",\"target\":[\"https:\\\/\\\/colegiometropolitano.online\\\/staging\\\/5007\\\/comunicaciones\\\/\"]}]},{\"@type\":\"ImageObject\",\"inLanguage\":\"es\",\"@id\":\"https:\\\/\\\/colegiometropolitano.online\\\/staging\\\/5007\\\/comunicaciones\\\/#primaryimage\",\"url\":\"https:\\\/\\\/i0.wp.com\\\/colegiometropolitano.online\\\/staging\\\/5007\\\/wp-content\\\/uploads\\\/2020\\\/06\\\/logo3d.gif?fit=318%2C292&ssl=1\",\"contentUrl\":\"https:\\\/\\\/i0.wp.com\\\/colegiometropolitano.online\\\/staging\\\/5007\\\/wp-content\\\/uploads\\\/2020\\\/06\\\/logo3d.gif?fit=318%2C292&ssl=1\",\"width\":318,\"height\":292},{\"@type\":\"BreadcrumbList\",\"@id\":\"https:\\\/\\\/colegiometropolitano.online\\\/staging\\\/5007\\\/comunicaciones\\\/#breadcrumb\",\"itemListElement\":[{\"@type\":\"ListItem\",\"position\":1,\"name\":\"Home\",\"item\":\"https:\\\/\\\/colegiometropolitano.online\\\/staging\\\/5007\\\/\"},{\"@type\":\"ListItem\",\"position\":2,\"name\":\"Comunicaciones\"}]},{\"@type\":\"WebSite\",\"@id\":\"https:\\\/\\\/colegiometropolitano.online\\\/staging\\\/5007\\\/#website\",\"url\":\"https:\\\/\\\/colegiometropolitano.online\\\/staging\\\/5007\\\/\",\"name\":\"Colegio Metropolitano Puerto Ordaz\",\"description\":\"Aprendiendo con Alegri\u00ada, Disciplina y Eficiencia\",\"publisher\":{\"@id\":\"https:\\\/\\\/colegiometropolitano.online\\\/staging\\\/5007\\\/#organization\"},\"potentialAction\":[{\"@type\":\"SearchAction\",\"target\":{\"@type\":\"EntryPoint\",\"urlTemplate\":\"https:\\\/\\\/colegiometropolitano.online\\\/staging\\\/5007\\\/?s={search_term_string}\"},\"query-input\":{\"@type\":\"PropertyValueSpecification\",\"valueRequired\":true,\"valueName\":\"search_term_string\"}}],\"inLanguage\":\"es\"},{\"@type\":\"Organization\",\"@id\":\"https:\\\/\\\/colegiometropolitano.online\\\/staging\\\/5007\\\/#organization\",\"name\":\"Colegio Metropolitano Puerto Ordaz\",\"url\":\"https:\\\/\\\/colegiometropolitano.online\\\/staging\\\/5007\\\/\",\"logo\":{\"@type\":\"ImageObject\",\"inLanguage\":\"es\",\"@id\":\"https:\\\/\\\/colegiometropolitano.online\\\/staging\\\/5007\\\/#\\\/schema\\\/logo\\\/image\\\/\",\"url\":\"https:\\\/\\\/i0.wp.com\\\/colegiometropolitano.online\\\/staging\\\/5007\\\/wp-content\\\/uploads\\\/2020\\\/06\\\/logo3d85x88.gif?fit=120%2C110&ssl=1\",\"contentUrl\":\"https:\\\/\\\/i0.wp.com\\\/colegiometropolitano.online\\\/staging\\\/5007\\\/wp-content\\\/uploads\\\/2020\\\/06\\\/logo3d85x88.gif?fit=120%2C110&ssl=1\",\"width\":120,\"height\":110,\"caption\":\"Colegio Metropolitano Puerto Ordaz\"},\"image\":{\"@id\":\"https:\\\/\\\/colegiometropolitano.online\\\/staging\\\/5007\\\/#\\\/schema\\\/logo\\\/image\\\/\"}}]}<\/script>\n<!-- \/ Yoast SEO plugin. -->","yoast_head_json":{"title":"Comunicaciones - Colegio Metropolitano Puerto Ordaz","robots":{"index":"index","follow":"follow","max-snippet":"max-snippet:-1","max-image-preview":"max-image-preview:large","max-video-preview":"max-video-preview:-1"},"canonical":"https:\/\/colegiometropolitano.online\/staging\/5007\/comunicaciones\/","og_locale":"es_ES","og_type":"article","og_title":"Comunicaciones - Colegio Metropolitano Puerto Ordaz","og_description":"INSTRUCTIVO PARA LA INSCRIPCI\u00d3N VIRTUAL Inscripciones 2021 \u2013 2022 Alumnos Regulares PRIMER PASO: Acceder al link, de acuerdo al nivel acad\u00e9mico que cursar\u00e1 su representado. SEGUNDO PASO: Completar todos los datos solicitados del estudiante y del representante: TERCER PASO: CUARTO PASO: Nota: PARA CUALQUIER DUDA INFORMACION, O SITUACION AL MOMENTO DE INSCRIBIR DE FORMA VIRTUAL. [&hellip;]","og_url":"https:\/\/colegiometropolitano.online\/staging\/5007\/comunicaciones\/","og_site_name":"Colegio Metropolitano Puerto Ordaz","article_modified_time":"2025-03-10T17:18:36+00:00","og_image":[{"url":"https:\/\/colegiometropolitano.online\/staging\/5007\/wp-content\/uploads\/2020\/06\/logo3d.gif","type":"","width":"","height":""}],"twitter_card":"summary_large_image","twitter_misc":{"Tiempo estimado de lectura":"3 minutos"},"schema":{"@context":"https:\/\/schema.org","@graph":[{"@type":"WebPage","@id":"https:\/\/colegiometropolitano.online\/staging\/5007\/comunicaciones\/","url":"https:\/\/colegiometropolitano.online\/staging\/5007\/comunicaciones\/","name":"Comunicaciones - Colegio Metropolitano Puerto Ordaz","isPartOf":{"@id":"https:\/\/colegiometropolitano.online\/staging\/5007\/#website"},"primaryImageOfPage":{"@id":"https:\/\/colegiometropolitano.online\/staging\/5007\/comunicaciones\/#primaryimage"},"image":{"@id":"https:\/\/colegiometropolitano.online\/staging\/5007\/comunicaciones\/#primaryimage"},"thumbnailUrl":"https:\/\/colegiometropolitano.online\/staging\/5007\/wp-content\/uploads\/2020\/06\/logo3d.gif","datePublished":"2020-06-18T15:31:39+00:00","dateModified":"2025-03-10T17:18:36+00:00","breadcrumb":{"@id":"https:\/\/colegiometropolitano.online\/staging\/5007\/comunicaciones\/#breadcrumb"},"inLanguage":"es","potentialAction":[{"@type":"ReadAction","target":["https:\/\/colegiometropolitano.online\/staging\/5007\/comunicaciones\/"]}]},{"@type":"ImageObject","inLanguage":"es","@id":"https:\/\/colegiometropolitano.online\/staging\/5007\/comunicaciones\/#primaryimage","url":"https:\/\/i0.wp.com\/colegiometropolitano.online\/staging\/5007\/wp-content\/uploads\/2020\/06\/logo3d.gif?fit=318%2C292&ssl=1","contentUrl":"https:\/\/i0.wp.com\/colegiometropolitano.online\/staging\/5007\/wp-content\/uploads\/2020\/06\/logo3d.gif?fit=318%2C292&ssl=1","width":318,"height":292},{"@type":"BreadcrumbList","@id":"https:\/\/colegiometropolitano.online\/staging\/5007\/comunicaciones\/#breadcrumb","itemListElement":[{"@type":"ListItem","position":1,"name":"Home","item":"https:\/\/colegiometropolitano.online\/staging\/5007\/"},{"@type":"ListItem","position":2,"name":"Comunicaciones"}]},{"@type":"WebSite","@id":"https:\/\/colegiometropolitano.online\/staging\/5007\/#website","url":"https:\/\/colegiometropolitano.online\/staging\/5007\/","name":"Colegio Metropolitano Puerto Ordaz","description":"Aprendiendo con Alegri\u00ada, Disciplina y Eficiencia","publisher":{"@id":"https:\/\/colegiometropolitano.online\/staging\/5007\/#organization"},"potentialAction":[{"@type":"SearchAction","target":{"@type":"EntryPoint","urlTemplate":"https:\/\/colegiometropolitano.online\/staging\/5007\/?s={search_term_string}"},"query-input":{"@type":"PropertyValueSpecification","valueRequired":true,"valueName":"search_term_string"}}],"inLanguage":"es"},{"@type":"Organization","@id":"https:\/\/colegiometropolitano.online\/staging\/5007\/#organization","name":"Colegio Metropolitano Puerto Ordaz","url":"https:\/\/colegiometropolitano.online\/staging\/5007\/","logo":{"@type":"ImageObject","inLanguage":"es","@id":"https:\/\/colegiometropolitano.online\/staging\/5007\/#\/schema\/logo\/image\/","url":"https:\/\/i0.wp.com\/colegiometropolitano.online\/staging\/5007\/wp-content\/uploads\/2020\/06\/logo3d85x88.gif?fit=120%2C110&ssl=1","contentUrl":"https:\/\/i0.wp.com\/colegiometropolitano.online\/staging\/5007\/wp-content\/uploads\/2020\/06\/logo3d85x88.gif?fit=120%2C110&ssl=1","width":120,"height":110,"caption":"Colegio Metropolitano Puerto Ordaz"},"image":{"@id":"https:\/\/colegiometropolitano.online\/staging\/5007\/#\/schema\/logo\/image\/"}}]}},"jetpack_sharing_enabled":true,"_links":{"self":[{"href":"https:\/\/colegiometropolitano.online\/staging\/5007\/wp-json\/wp\/v2\/pages\/198","targetHints":{"allow":["GET"]}}],"collection":[{"href":"https:\/\/colegiometropolitano.online\/staging\/5007\/wp-json\/wp\/v2\/pages"}],"about":[{"href":"https:\/\/colegiometropolitano.online\/staging\/5007\/wp-json\/wp\/v2\/types\/page"}],"author":[{"embeddable":true,"href":"https:\/\/colegiometropolitano.online\/staging\/5007\/wp-json\/wp\/v2\/users\/2"}],"replies":[{"embeddable":true,"href":"https:\/\/colegiometropolitano.online\/staging\/5007\/wp-json\/wp\/v2\/comments?post=198"}],"version-history":[{"count":6,"href":"https:\/\/colegiometropolitano.online\/staging\/5007\/wp-json\/wp\/v2\/pages\/198\/revisions"}],"predecessor-version":[{"id":694,"href":"https:\/\/colegiometropolitano.online\/staging\/5007\/wp-json\/wp\/v2\/pages\/198\/revisions\/694"}],"wp:attachment":[{"href":"https:\/\/colegiometropolitano.online\/staging\/5007\/wp-json\/wp\/v2\/media?parent=198"}],"curies":[{"name":"wp","href":"https:\/\/api.w.org\/{rel}","templated":true}]}}