{"id":10,"date":"2020-06-07T16:22:08","date_gmt":"2020-06-07T20:22:08","guid":{"rendered":"https:\/\/colegiometropolitano.online\/staging\/5007\/?page_id=10"},"modified":"2025-03-10T13:18:10","modified_gmt":"2025-03-10T17:18:10","slug":"acerca-de","status":"publish","type":"page","link":"https:\/\/colegiometropolitano.online\/staging\/5007\/acerca-de\/","title":{"rendered":"Acerca de"},"content":{"rendered":"\n<div class=\"wp-block-image\"><figure class=\"aligncenter size-large\"><img data-recalc-dims=\"1\" fetchpriority=\"high\" decoding=\"async\" width=\"318\" height=\"292\" src=\"https:\/\/i0.wp.com\/colegiometropolitano.online\/staging\/5007\/wp-content\/uploads\/2020\/06\/logo3d.gif?resize=318%2C292&#038;ssl=1\" alt=\"\" class=\"wp-image-15\"\/><\/figure><\/div>\n\n\n\n<figure class=\"wp-block-table alignwide\"><table><thead><tr><th>Datos Hist\u00f3ricos y Antecedentes<\/th><\/tr><\/thead><tbody><tr><td>El Colegio Metropolitano se cre\u00f3 en el mes de Septiembre del a\u00f1o 1988. Sus fundadores fueron el Licenciado Psic. Hugo Alberto Yllaramendy Rodr\u00edguez Msc y la Licenciada Or. Elisa Magaly Rubio de Yllaramendy Msc, ambos con maestr\u00eda en dise\u00f1o de instrucci\u00f3n y tecnolog\u00eda educativa de la Universidad del Estadfo de Florida, Talahasee USA. El primero de ellos, Psic\u00f3logo Escolar y la segunda, Especialista en el Area de Orientaci\u00f3n. Ambos de dilatada trayectoria en el campo educativo: Colegio San Ignacio de Caracas, La Salle de M\u00e9rida, Diversificado Normal Valecillos, Liceo Sim\u00f3n Bol\u00edvar, Universidad Cat\u00f3lica Andr\u00e9s Bello, Universidad de los Andes, Escuela T\u00e9cnica Eleazar L\u00f3pez Contreras en San Crist\u00f3bal. Universidad de Oriente, Universidad de Guayana y Fundaci\u00f3n La Salle en Puerto Ordaz, completando cada uno de ellos 43 y 38 a\u00f1os respectivamente dedicados a la educaci\u00f3n en diferentes niveles.<\/td><\/tr><tr><td>La Instituci\u00f3n se inici\u00f3 con 70 alumnos en Septiembre de 1988 y actualmente cuenta con 750 alumnos. Inicialmente hab\u00eda 10 profesionales -incluyendo a la Directora y el Presidente de la Instituci\u00f3n- y actualmente cuenta con un plantel de m\u00e1s de 25 profesionales, adem\u00e1s de unas 9 personas que se dedican a labores administrativas y de mantenimiento.<\/td><\/tr><tr><td>Los niveles de instrucci\u00f3n que se imparten van desde el primer nivel de pre-escolar hasta el II a\u00f1o de ciencias del ciclo diversificado.<\/td><\/tr><tr><td>Cuenta con tres patios de recreo, una cancha deportiva, dos laboratorios y veinticuatro aulas de clase, adem\u00e1s de las \u00e1reas destinadas a oficinas, biblioteca y sala de profesores; el cuarto de reproducci\u00f3n de materiales y cuatro dep\u00f3sitos para pinturas, materiales el\u00e9ctricos, deportivos y de mantenimiento en general, tales como herramientas, equipos etc..<\/td><\/tr><tr><td>Hasta el presente, hemos graduado veintisiete promociones de bachilleres del Colegio Metropolitano con un alto porcentaje de ubicaci\u00f3n en las Universidades Nacionales. Asimismo, tenemos en este momento un n\u00famero significativo de egresados en el campo de trabajo profesional.<\/td><\/tr><tr><td>El sistema educativo de la instituci\u00f3n, se ha orientado -desde el principio- a desarrollar en el estudiante el aprendizaje activo; es decir, a no conformarse con la c\u00e1tedra del profesor, sino que las investigaciones complementarias que el alumno lleva a cabo por su propia iniciativa, forman parte sustancial de todas sus evaluaciones.<\/td><\/tr><tr><td>El ambiente familiar y de compa\u00f1erismo es otra caracter\u00edstica del Colegio. Familiar, no solamente en el ambiente interno sino de apertura total a las familias, a fin de que \u00e9stas se sientan c\u00f3modas al visitar nuestras instalaciones, relacionarse con los maestros y profesores as\u00ed como los directivos. De esta manera hemos logrado hasta ahora la anhelada fusi\u00f3n entre familia y escuela, tan encomiada en toda la literatura educativa acad\u00e9mica como una de las metas m\u00e1s preciadas de toda instituci\u00f3n dedicada a la formaci\u00f3n de juventudes.<\/td><\/tr><\/tbody><\/table><\/figure>\n\n\n\n<h5 class=\"has-text-align-center wp-block-heading\">Ministerio de Educaci\u00f3n, Cultura y Deportes<br>Unidad Educativa Colegio Metropolitano<br>Ciudad Guayana, Estado Bol\u00edvar<\/h5>\n\n\n\n<h3 class=\"wp-block-heading\">Proyecto Pedag\u00f3gico del Plantel<\/h3>\n\n\n\n<figure class=\"wp-block-table alignwide\"><table><tbody><tr><td>Cumpliendo disposiciones del despacho ministerial al cual estamos adscritos como delegaci\u00f3n privada, estamos presentando en esta oportunidad nuestro Proyecto Pedag\u00f3gico del Plantel, el cual tiene a la fecha una vigencia de 10 a\u00f1os, pues la Instituci\u00f3n estuvo determinada por principios filos\u00f3ficos, pedag\u00f3gicos e instrucciones derivados de la dilatada trayectoria en el campo de la docencia, formaci\u00f3n de docentes e investigaci\u00f3n educativa de sus fundadores.<\/td><\/tr><tr><td>Dichos principios se resumen en el lema de la Instituci\u00f3n: \u201cAprendiendo con Alegr\u00eda, Disciplina y Eficiencia\u201d. Significando con ello que el acto de aprender no debe tener como entorno la suprema autoridad del docente y la rigidez de una normativa que sea generadora de tensi\u00f3n, angustia y temor, lo cual determina -sin duda- un aprendizaje, pero que se difumina r\u00e1pidamente al estar asociado con circunstancias desagradables. Sin embargo, un proceso de aprendizaje como juego, diversi\u00f3n y lleno de ALEGRIA puede f\u00e1cilmente convertirse en una anarqu\u00eda incompatible con la adquisici\u00f3n de ciertas competencias que requieren m\u00e9todo sistem\u00e1tico, orden y DISCIPLINA, ingrediente \u00e9ste tambi\u00e9n indispensable para la formaci\u00f3n y desarrollo de la personalidad del ni\u00f1o. Finalmente, una escuela donde se aprenda con alegr\u00eda y disciplina solamente, estar\u00e1 incompleta desde el punto de vista de la econom\u00eda humana o econom\u00eda de vida; en otras palabras, la calidad y cantidad de competencias logradas en el esfuerzo escolar deben corresponder a los esfuerzos de tiempo, dinero y energ\u00edas invertidas. Es por ello que el tercer ingrediente de nuestro proyecto ha sido la EFICIENCIA. Los resultados hasta el presente a\u00f1o han sido:<\/td><\/tr><tr><td>\u2022 Aceptaci\u00f3n creciente del colegio por parte de los representantes.<br>\u2022 Amor al colegio por parte de los estudiantes. Esto se ha demostrado por el incremento de alumnos atendidos a\u00f1o tras a\u00f1o.<br>\u2022 Buenos niveles de aprendizaje logrados, lo cual se demuestra a trav\u00e9s de los \u00edndices acad\u00e9micos y aprobaci\u00f3n de los ex\u00e1menes de admisi\u00f3n de las diversas universidades por parte de nuestros estudiantes.<br>\u2022 27 promociones de bachilleres, todos ellos ubicados en estudios superiores o ya en el campo de trabajo.<\/td><\/tr><\/tbody><\/table><\/figure>\n","protected":false},"excerpt":{"rendered":"<p>Datos Hist\u00f3ricos y Antecedentes El Colegio Metropolitano se cre\u00f3 en el mes de Septiembre del a\u00f1o 1988. Sus fundadores fueron el Licenciado Psic. Hugo Alberto Yllaramendy Rodr\u00edguez Msc y la Licenciada Or. Elisa Magaly Rubio de Yllaramendy Msc, ambos con maestr\u00eda en dise\u00f1o de instrucci\u00f3n y tecnolog\u00eda educativa de la Universidad del Estadfo de Florida, [&hellip;]<\/p>\n","protected":false},"author":2,"featured_media":0,"parent":0,"menu_order":0,"comment_status":"closed","ping_status":"closed","template":"","meta":{"nf_dc_page":"","om_disable_all_campaigns":false,"footnotes":""},"class_list":["post-10","page","type-page","status-publish","hentry"],"yoast_head":"<!-- This site is optimized with the Yoast SEO plugin v27.5 - https:\/\/yoast.com\/product\/yoast-seo-wordpress\/ -->\n<title>Acerca de - Colegio Metropolitano Puerto Ordaz<\/title>\n<meta name=\"robots\" content=\"index, follow, max-snippet:-1, max-image-preview:large, max-video-preview:-1\" \/>\n<link rel=\"canonical\" href=\"https:\/\/colegiometropolitano.online\/staging\/5007\/acerca-de\/\" \/>\n<meta property=\"og:locale\" content=\"es_ES\" \/>\n<meta property=\"og:type\" content=\"article\" \/>\n<meta property=\"og:title\" content=\"Acerca de - Colegio Metropolitano Puerto Ordaz\" \/>\n<meta property=\"og:description\" content=\"Datos Hist\u00f3ricos y Antecedentes El Colegio Metropolitano se cre\u00f3 en el mes de Septiembre del a\u00f1o 1988. Sus fundadores fueron el Licenciado Psic. Hugo Alberto Yllaramendy Rodr\u00edguez Msc y la Licenciada Or. Elisa Magaly Rubio de Yllaramendy Msc, ambos con maestr\u00eda en dise\u00f1o de instrucci\u00f3n y tecnolog\u00eda educativa de la Universidad del Estadfo de Florida, [&hellip;]\" \/>\n<meta property=\"og:url\" content=\"https:\/\/colegiometropolitano.online\/staging\/5007\/acerca-de\/\" \/>\n<meta property=\"og:site_name\" content=\"Colegio Metropolitano Puerto Ordaz\" \/>\n<meta property=\"article:modified_time\" content=\"2025-03-10T17:18:10+00:00\" \/>\n<meta property=\"og:image\" content=\"https:\/\/colegiometropolitano.online\/staging\/5007\/wp-content\/uploads\/2020\/06\/logo3d.gif\" \/>\n<meta name=\"twitter:card\" content=\"summary_large_image\" \/>\n<meta name=\"twitter:label1\" content=\"Tiempo estimado de lectura\" \/>\n\t<meta name=\"twitter:data1\" content=\"4 minutos\" \/>\n<script type=\"application\/ld+json\" class=\"yoast-schema-graph\">{\"@context\":\"https:\\\/\\\/schema.org\",\"@graph\":[{\"@type\":\"WebPage\",\"@id\":\"https:\\\/\\\/colegiometropolitano.online\\\/staging\\\/5007\\\/acerca-de\\\/\",\"url\":\"https:\\\/\\\/colegiometropolitano.online\\\/staging\\\/5007\\\/acerca-de\\\/\",\"name\":\"Acerca de - Colegio Metropolitano Puerto Ordaz\",\"isPartOf\":{\"@id\":\"https:\\\/\\\/colegiometropolitano.online\\\/staging\\\/5007\\\/#website\"},\"primaryImageOfPage\":{\"@id\":\"https:\\\/\\\/colegiometropolitano.online\\\/staging\\\/5007\\\/acerca-de\\\/#primaryimage\"},\"image\":{\"@id\":\"https:\\\/\\\/colegiometropolitano.online\\\/staging\\\/5007\\\/acerca-de\\\/#primaryimage\"},\"thumbnailUrl\":\"https:\\\/\\\/colegiometropolitano.online\\\/staging\\\/5007\\\/wp-content\\\/uploads\\\/2020\\\/06\\\/logo3d.gif\",\"datePublished\":\"2020-06-07T20:22:08+00:00\",\"dateModified\":\"2025-03-10T17:18:10+00:00\",\"breadcrumb\":{\"@id\":\"https:\\\/\\\/colegiometropolitano.online\\\/staging\\\/5007\\\/acerca-de\\\/#breadcrumb\"},\"inLanguage\":\"es\",\"potentialAction\":[{\"@type\":\"ReadAction\",\"target\":[\"https:\\\/\\\/colegiometropolitano.online\\\/staging\\\/5007\\\/acerca-de\\\/\"]}]},{\"@type\":\"ImageObject\",\"inLanguage\":\"es\",\"@id\":\"https:\\\/\\\/colegiometropolitano.online\\\/staging\\\/5007\\\/acerca-de\\\/#primaryimage\",\"url\":\"https:\\\/\\\/i0.wp.com\\\/colegiometropolitano.online\\\/staging\\\/5007\\\/wp-content\\\/uploads\\\/2020\\\/06\\\/logo3d.gif?fit=318%2C292&ssl=1\",\"contentUrl\":\"https:\\\/\\\/i0.wp.com\\\/colegiometropolitano.online\\\/staging\\\/5007\\\/wp-content\\\/uploads\\\/2020\\\/06\\\/logo3d.gif?fit=318%2C292&ssl=1\",\"width\":318,\"height\":292},{\"@type\":\"BreadcrumbList\",\"@id\":\"https:\\\/\\\/colegiometropolitano.online\\\/staging\\\/5007\\\/acerca-de\\\/#breadcrumb\",\"itemListElement\":[{\"@type\":\"ListItem\",\"position\":1,\"name\":\"Home\",\"item\":\"https:\\\/\\\/colegiometropolitano.online\\\/staging\\\/5007\\\/\"},{\"@type\":\"ListItem\",\"position\":2,\"name\":\"Acerca de\"}]},{\"@type\":\"WebSite\",\"@id\":\"https:\\\/\\\/colegiometropolitano.online\\\/staging\\\/5007\\\/#website\",\"url\":\"https:\\\/\\\/colegiometropolitano.online\\\/staging\\\/5007\\\/\",\"name\":\"Colegio Metropolitano Puerto Ordaz\",\"description\":\"Aprendiendo con Alegri\u00ada, Disciplina y Eficiencia\",\"publisher\":{\"@id\":\"https:\\\/\\\/colegiometropolitano.online\\\/staging\\\/5007\\\/#organization\"},\"potentialAction\":[{\"@type\":\"SearchAction\",\"target\":{\"@type\":\"EntryPoint\",\"urlTemplate\":\"https:\\\/\\\/colegiometropolitano.online\\\/staging\\\/5007\\\/?s={search_term_string}\"},\"query-input\":{\"@type\":\"PropertyValueSpecification\",\"valueRequired\":true,\"valueName\":\"search_term_string\"}}],\"inLanguage\":\"es\"},{\"@type\":\"Organization\",\"@id\":\"https:\\\/\\\/colegiometropolitano.online\\\/staging\\\/5007\\\/#organization\",\"name\":\"Colegio Metropolitano Puerto Ordaz\",\"url\":\"https:\\\/\\\/colegiometropolitano.online\\\/staging\\\/5007\\\/\",\"logo\":{\"@type\":\"ImageObject\",\"inLanguage\":\"es\",\"@id\":\"https:\\\/\\\/colegiometropolitano.online\\\/staging\\\/5007\\\/#\\\/schema\\\/logo\\\/image\\\/\",\"url\":\"https:\\\/\\\/i0.wp.com\\\/colegiometropolitano.online\\\/staging\\\/5007\\\/wp-content\\\/uploads\\\/2020\\\/06\\\/logo3d85x88.gif?fit=120%2C110&ssl=1\",\"contentUrl\":\"https:\\\/\\\/i0.wp.com\\\/colegiometropolitano.online\\\/staging\\\/5007\\\/wp-content\\\/uploads\\\/2020\\\/06\\\/logo3d85x88.gif?fit=120%2C110&ssl=1\",\"width\":120,\"height\":110,\"caption\":\"Colegio Metropolitano Puerto Ordaz\"},\"image\":{\"@id\":\"https:\\\/\\\/colegiometropolitano.online\\\/staging\\\/5007\\\/#\\\/schema\\\/logo\\\/image\\\/\"}}]}<\/script>\n<!-- \/ Yoast SEO plugin. -->","yoast_head_json":{"title":"Acerca de - Colegio Metropolitano Puerto Ordaz","robots":{"index":"index","follow":"follow","max-snippet":"max-snippet:-1","max-image-preview":"max-image-preview:large","max-video-preview":"max-video-preview:-1"},"canonical":"https:\/\/colegiometropolitano.online\/staging\/5007\/acerca-de\/","og_locale":"es_ES","og_type":"article","og_title":"Acerca de - Colegio Metropolitano Puerto Ordaz","og_description":"Datos Hist\u00f3ricos y Antecedentes El Colegio Metropolitano se cre\u00f3 en el mes de Septiembre del a\u00f1o 1988. Sus fundadores fueron el Licenciado Psic. Hugo Alberto Yllaramendy Rodr\u00edguez Msc y la Licenciada Or. Elisa Magaly Rubio de Yllaramendy Msc, ambos con maestr\u00eda en dise\u00f1o de instrucci\u00f3n y tecnolog\u00eda educativa de la Universidad del Estadfo de Florida, [&hellip;]","og_url":"https:\/\/colegiometropolitano.online\/staging\/5007\/acerca-de\/","og_site_name":"Colegio Metropolitano Puerto Ordaz","article_modified_time":"2025-03-10T17:18:10+00:00","og_image":[{"url":"https:\/\/colegiometropolitano.online\/staging\/5007\/wp-content\/uploads\/2020\/06\/logo3d.gif","type":"","width":"","height":""}],"twitter_card":"summary_large_image","twitter_misc":{"Tiempo estimado de lectura":"4 minutos"},"schema":{"@context":"https:\/\/schema.org","@graph":[{"@type":"WebPage","@id":"https:\/\/colegiometropolitano.online\/staging\/5007\/acerca-de\/","url":"https:\/\/colegiometropolitano.online\/staging\/5007\/acerca-de\/","name":"Acerca de - Colegio Metropolitano Puerto Ordaz","isPartOf":{"@id":"https:\/\/colegiometropolitano.online\/staging\/5007\/#website"},"primaryImageOfPage":{"@id":"https:\/\/colegiometropolitano.online\/staging\/5007\/acerca-de\/#primaryimage"},"image":{"@id":"https:\/\/colegiometropolitano.online\/staging\/5007\/acerca-de\/#primaryimage"},"thumbnailUrl":"https:\/\/colegiometropolitano.online\/staging\/5007\/wp-content\/uploads\/2020\/06\/logo3d.gif","datePublished":"2020-06-07T20:22:08+00:00","dateModified":"2025-03-10T17:18:10+00:00","breadcrumb":{"@id":"https:\/\/colegiometropolitano.online\/staging\/5007\/acerca-de\/#breadcrumb"},"inLanguage":"es","potentialAction":[{"@type":"ReadAction","target":["https:\/\/colegiometropolitano.online\/staging\/5007\/acerca-de\/"]}]},{"@type":"ImageObject","inLanguage":"es","@id":"https:\/\/colegiometropolitano.online\/staging\/5007\/acerca-de\/#primaryimage","url":"https:\/\/i0.wp.com\/colegiometropolitano.online\/staging\/5007\/wp-content\/uploads\/2020\/06\/logo3d.gif?fit=318%2C292&ssl=1","contentUrl":"https:\/\/i0.wp.com\/colegiometropolitano.online\/staging\/5007\/wp-content\/uploads\/2020\/06\/logo3d.gif?fit=318%2C292&ssl=1","width":318,"height":292},{"@type":"BreadcrumbList","@id":"https:\/\/colegiometropolitano.online\/staging\/5007\/acerca-de\/#breadcrumb","itemListElement":[{"@type":"ListItem","position":1,"name":"Home","item":"https:\/\/colegiometropolitano.online\/staging\/5007\/"},{"@type":"ListItem","position":2,"name":"Acerca de"}]},{"@type":"WebSite","@id":"https:\/\/colegiometropolitano.online\/staging\/5007\/#website","url":"https:\/\/colegiometropolitano.online\/staging\/5007\/","name":"Colegio Metropolitano Puerto Ordaz","description":"Aprendiendo con Alegri\u00ada, Disciplina y Eficiencia","publisher":{"@id":"https:\/\/colegiometropolitano.online\/staging\/5007\/#organization"},"potentialAction":[{"@type":"SearchAction","target":{"@type":"EntryPoint","urlTemplate":"https:\/\/colegiometropolitano.online\/staging\/5007\/?s={search_term_string}"},"query-input":{"@type":"PropertyValueSpecification","valueRequired":true,"valueName":"search_term_string"}}],"inLanguage":"es"},{"@type":"Organization","@id":"https:\/\/colegiometropolitano.online\/staging\/5007\/#organization","name":"Colegio Metropolitano Puerto Ordaz","url":"https:\/\/colegiometropolitano.online\/staging\/5007\/","logo":{"@type":"ImageObject","inLanguage":"es","@id":"https:\/\/colegiometropolitano.online\/staging\/5007\/#\/schema\/logo\/image\/","url":"https:\/\/i0.wp.com\/colegiometropolitano.online\/staging\/5007\/wp-content\/uploads\/2020\/06\/logo3d85x88.gif?fit=120%2C110&ssl=1","contentUrl":"https:\/\/i0.wp.com\/colegiometropolitano.online\/staging\/5007\/wp-content\/uploads\/2020\/06\/logo3d85x88.gif?fit=120%2C110&ssl=1","width":120,"height":110,"caption":"Colegio Metropolitano Puerto Ordaz"},"image":{"@id":"https:\/\/colegiometropolitano.online\/staging\/5007\/#\/schema\/logo\/image\/"}}]}},"jetpack_sharing_enabled":true,"_links":{"self":[{"href":"https:\/\/colegiometropolitano.online\/staging\/5007\/wp-json\/wp\/v2\/pages\/10","targetHints":{"allow":["GET"]}}],"collection":[{"href":"https:\/\/colegiometropolitano.online\/staging\/5007\/wp-json\/wp\/v2\/pages"}],"about":[{"href":"https:\/\/colegiometropolitano.online\/staging\/5007\/wp-json\/wp\/v2\/types\/page"}],"author":[{"embeddable":true,"href":"https:\/\/colegiometropolitano.online\/staging\/5007\/wp-json\/wp\/v2\/users\/2"}],"replies":[{"embeddable":true,"href":"https:\/\/colegiometropolitano.online\/staging\/5007\/wp-json\/wp\/v2\/comments?post=10"}],"version-history":[{"count":5,"href":"https:\/\/colegiometropolitano.online\/staging\/5007\/wp-json\/wp\/v2\/pages\/10\/revisions"}],"predecessor-version":[{"id":371,"href":"https:\/\/colegiometropolitano.online\/staging\/5007\/wp-json\/wp\/v2\/pages\/10\/revisions\/371"}],"wp:attachment":[{"href":"https:\/\/colegiometropolitano.online\/staging\/5007\/wp-json\/wp\/v2\/media?parent=10"}],"curies":[{"name":"wp","href":"https:\/\/api.w.org\/{rel}","templated":true}]}}